{"id":73,"date":"2015-10-12T08:12:59","date_gmt":"2015-10-12T08:12:59","guid":{"rendered":"http:\/\/www.arquitectotecnicoestepona.com\/es\/?page_id=73"},"modified":"2022-02-14T12:34:42","modified_gmt":"2022-02-14T12:34:42","slug":"formacion","status":"publish","type":"page","link":"https:\/\/www.arquitectotecnicoestepona.com\/es\/formacion\/","title":{"rendered":"FORMACION"},"content":{"rendered":"<p>[et_pb_section fb_built=\u00bb1&#8243; custom_padding_last_edited=\u00bbon|desktop\u00bb admin_label=\u00bbsection\u00bb _builder_version=\u00bb3.22&#8243; background_image=\u00bbhttps:\/\/www.arquitectotecnicoestepona.com\/es\/wp-content\/uploads\/2015\/09\/fondo.jpg\u00bb custom_padding_tablet=\u00bb50px|0|50px|0&#8243; custom_padding_phone=\u00bb50px|0|50px|0&#8243; transparent_background=\u00bboff\u00bb padding_mobile=\u00bboff\u00bb make_fullwidth=\u00bboff\u00bb use_custom_width=\u00bboff\u00bb width_unit=\u00bbon\u00bb global_colors_info=\u00bb{}\u00bb][et_pb_row column_structure=\u00bb2_3,1_3&#8243; admin_label=\u00bbFila\u00bb _builder_version=\u00bb3.25&#8243; background_size=\u00bbinitial\u00bb background_position=\u00bbtop_left\u00bb background_repeat=\u00bbrepeat\u00bb global_colors_info=\u00bb{}\u00bb][et_pb_column type=\u00bb2_3&#8243; _builder_version=\u00bb3.25&#8243; custom_padding=\u00bb|||\u00bb global_colors_info=\u00bb{}\u00bb custom_padding__hover=\u00bb|||\u00bb][et_pb_text admin_label=\u00bbTexto\u00bb _builder_version=\u00bb3.27.4&#8243; text_font_size=\u00bb17&#8243; background_size=\u00bbinitial\u00bb background_position=\u00bbtop_left\u00bb background_repeat=\u00bbrepeat\u00bb use_border_color=\u00bboff\u00bb border_color=\u00bb#ffffff\u00bb border_style=\u00bbsolid\u00bb global_colors_info=\u00bb{}\u00bb]<\/p>\n<h2 class=\"cuatro\" align=\"justify\"><strong><span class=\"TRES\" style=\"color: #5e9a00;\">ESTUDIOS:<\/span><\/strong><\/h2>\n<p class=\"cuatro\" align=\"justify\">Finalizaci\u00f3n de <strong><span style=\"color: #5e9a00;\"><span class=\"TRES\">DELINEANTE<\/span> (5\u00ba de FP)<\/span><\/strong> en el 1986 en Ronda.<\/p>\n<p class=\"cuatro\" align=\"justify\">Titulo universitario de <strong><span class=\"TRES\" style=\"color: #5e9a00;\">ARQUITECTURA TECNICA<\/span><\/strong> obtenido con proyecto fin de carrera en marzo de 1992 por la universidad de Sevilla.<\/p>\n<p class=\"cuatro\" align=\"justify\">Titulo de <strong><span class=\"TRES\" style=\"color: #5e9a00;\">INGENIERIA DE LA EDIFICACION<\/span><\/strong> en Julio de 2010 por la universidad Camilo Jos\u00e9 Cela de Madrid.<\/p>\n<p class=\"cuatro\" align=\"justify\">Titulo de especialista en <span style=\"color: #5e9a00;\"><strong><span class=\"TRES\">SEGURIDAD INTEGRAL DE LA EDIFICACION<\/span><\/strong><\/span> por la universidad de M\u00e1laga en junio de 2012.<\/p>\n<p class=\"cuatro\" align=\"justify\"><strong><span style=\"color: #5e9a00;\">Diploma M\u00e1ster de <span class=\"TRES\">especializaci\u00f3n de estructuras y cimentaciones <\/span><\/span><\/strong>con Cype, por Zigurat,\u00a0consultor\u00eda de formaci\u00f3n T\u00e9cnica y Cype Ingenieros.<\/p>\n<p class=\"cuatro\" align=\"justify\"><span style=\"color: #5e9a00;\"><strong><span class=\"TRES\">T\u00e9cnico especialista en patolog\u00eda de la edificaci\u00f3n<\/span><\/strong><\/span> por el colegio oficial de Aparejadores, Arquitectos T\u00e9cnicos e Ingenieros de Edificaci\u00f3n de M\u00e1laga.<\/p>\n<p class=\"cuatro\" align=\"justify\">Adem\u00e1s, con el fin de mantenerse actualizado y al d\u00eda en materia de nuevas tecnolog\u00edas, sistemas constructivos, nuevos decretos, leyes, normativas\u00a0y reglamentos, se han realizado numeros cursos en el Colegio Oficial de Aparejadores, Arquitectos T\u00e9cnicos e Ingenieros de Edificaci\u00f3n.<\/p>\n<p>[\/et_pb_text][et_pb_divider show_divider=\u00bboff\u00bb disabled_on=\u00bbon|on|off\u00bb admin_label=\u00bbSeparador\u00bb _builder_version=\u00bb3.23.4&#8243; height=\u00bb40px\u00bb hide_on_mobile=\u00bbon\u00bb global_colors_info=\u00bb{}\u00bb] [\/et_pb_divider][et_pb_text admin_label=\u00bbTexto\u00bb _builder_version=\u00bb3.27.4&#8243; text_font_size=\u00bb17&#8243; background_size=\u00bbinitial\u00bb background_position=\u00bbtop_left\u00bb background_repeat=\u00bbrepeat\u00bb use_border_color=\u00bboff\u00bb border_color=\u00bb#ffffff\u00bb border_style=\u00bbsolid\u00bb global_colors_info=\u00bb{}\u00bb]<\/p>\n<h2 class=\"cuatro\" align=\"justify\"><strong><span style=\"color: #5e9a00;\"><span class=\"TRES\">TRABAJO<\/span>:<\/span><\/strong><\/h2>\n<p class=\"cuatro\" style=\"text-align: justify;\" align=\"justify\">Se empez\u00f3 como jefe de obra en 1993, combinando dicha funci\u00f3n con la profesi\u00f3n liberal hasta 1999-2000.<\/p>\n<p class=\"cuatro\" style=\"text-align: justify;\" align=\"justify\">Luego se estuvo ejerciendo como constructor desde finales de 1999 hasta principios del 2005, lo cual enriqueci\u00f3 bastante el enfoque y la visi\u00f3n en obra que se ten\u00eda.<\/p>\n<p class=\"cuatro\" style=\"text-align: justify;\" align=\"justify\">Luego se volvi\u00f3 a ejercer como jefe de obra hasta el 2009.<\/p>\n<p class=\"cuatro\" style=\"text-align: justify;\" align=\"justify\">Y desde entonces se ejerce la profesi\u00f3n liberal como colegiado en M\u00e1laga, prestando todo tipo de servicios a empresas constructoras y a particulares.<\/p>\n<p>[\/et_pb_text][\/et_pb_column][et_pb_column type=\u00bb1_3&#8243; _builder_version=\u00bb3.25&#8243; custom_padding=\u00bb|||\u00bb global_colors_info=\u00bb{}\u00bb custom_padding__hover=\u00bb|||\u00bb][et_pb_image src=\u00bbhttps:\/\/www.arquitectotecnicoestepona.com\/es\/wp-content\/uploads\/2015\/10\/ESTUDI.jpg\u00bb align=\u00bbcenter\u00bb align_tablet=\u00bbcenter\u00bb align_phone=\u00bbcenter\u00bb align_last_edited=\u00bbon|desktop\u00bb admin_label=\u00bbImagen\u00bb _builder_version=\u00bb4.14.7&#8243; animation_style=\u00bbslide\u00bb animation_direction=\u00bbleft\u00bb animation_duration=\u00bb500ms\u00bb animation_intensity_slide=\u00bb10%\u00bb hover_enabled=\u00bb0&#8243; use_border_color=\u00bboff\u00bb border_color=\u00bb#ffffff\u00bb border_style=\u00bbsolid\u00bb animation=\u00bbleft\u00bb sticky=\u00bboff\u00bb always_center_on_mobile=\u00bbon\u00bb global_colors_info=\u00bb{}\u00bb sticky_enabled=\u00bb0&#8243;] [\/et_pb_image][et_pb_image src=\u00bbhttps:\/\/www.arquitectotecnicoestepona.com\/es\/wp-content\/uploads\/2015\/10\/TRABAJO.jpg\u00bb align=\u00bbcenter\u00bb align_tablet=\u00bbcenter\u00bb align_phone=\u00bbcenter\u00bb align_last_edited=\u00bbon|desktop\u00bb admin_label=\u00bbImagen\u00bb _builder_version=\u00bb3.23&#8243; use_border_color=\u00bboff\u00bb border_color=\u00bb#ffffff\u00bb border_style=\u00bbsolid\u00bb animation=\u00bboff\u00bb sticky=\u00bboff\u00bb always_center_on_mobile=\u00bbon\u00bb global_colors_info=\u00bb{}\u00bb] [\/et_pb_image][\/et_pb_column][\/et_pb_row][\/et_pb_section]<\/p>\n","protected":false},"excerpt":{"rendered":"<p>ESTUDIOS: Finalizaci\u00f3n de DELINEANTE (5\u00ba de FP) en el 1986 en Ronda. Titulo universitario de ARQUITECTURA TECNICA obtenido con proyecto fin de carrera en marzo de 1992 por la universidad de Sevilla. Titulo de INGENIERIA DE LA EDIFICACION en Julio de 2010 por la universidad Camilo Jos\u00e9 Cela de Madrid. Titulo de especialista en SEGURIDAD [&hellip;]<\/p>\n","protected":false},"author":1,"featured_media":0,"parent":0,"menu_order":0,"comment_status":"closed","ping_status":"closed","template":"","meta":{"_et_pb_use_builder":"on","_et_pb_old_content":"","_et_gb_content_width":""},"_links":{"self":[{"href":"https:\/\/www.arquitectotecnicoestepona.com\/es\/wp-json\/wp\/v2\/pages\/73"}],"collection":[{"href":"https:\/\/www.arquitectotecnicoestepona.com\/es\/wp-json\/wp\/v2\/pages"}],"about":[{"href":"https:\/\/www.arquitectotecnicoestepona.com\/es\/wp-json\/wp\/v2\/types\/page"}],"author":[{"embeddable":true,"href":"https:\/\/www.arquitectotecnicoestepona.com\/es\/wp-json\/wp\/v2\/users\/1"}],"replies":[{"embeddable":true,"href":"https:\/\/www.arquitectotecnicoestepona.com\/es\/wp-json\/wp\/v2\/comments?post=73"}],"version-history":[{"count":14,"href":"https:\/\/www.arquitectotecnicoestepona.com\/es\/wp-json\/wp\/v2\/pages\/73\/revisions"}],"predecessor-version":[{"id":539,"href":"https:\/\/www.arquitectotecnicoestepona.com\/es\/wp-json\/wp\/v2\/pages\/73\/revisions\/539"}],"wp:attachment":[{"href":"https:\/\/www.arquitectotecnicoestepona.com\/es\/wp-json\/wp\/v2\/media?parent=73"}],"curies":[{"name":"wp","href":"https:\/\/api.w.org\/{rel}","templated":true}]}}