{"id":89,"date":"2015-10-12T08:26:02","date_gmt":"2015-10-12T08:26:02","guid":{"rendered":"http:\/\/www.arquitectotecnicoestepona.com\/es\/?page_id=89"},"modified":"2015-10-12T11:28:23","modified_gmt":"2015-10-12T11:28:23","slug":"direccion-de-obras","status":"publish","type":"page","link":"https:\/\/www.arquitectotecnicoestepona.com\/es\/direccion-de-obras\/","title":{"rendered":"DIRECCION DE OBRAS"},"content":{"rendered":"<p>[et_pb_section admin_label=\u00bbSecci\u00f3n\u00bb fullwidth=\u00bboff\u00bb specialty=\u00bboff\u00bb transparent_background=\u00bboff\u00bb allow_player_pause=\u00bboff\u00bb inner_shadow=\u00bboff\u00bb parallax=\u00bboff\u00bb parallax_method=\u00bboff\u00bb padding_mobile=\u00bboff\u00bb make_fullwidth=\u00bboff\u00bb use_custom_width=\u00bboff\u00bb width_unit=\u00bbon\u00bb make_equal=\u00bboff\u00bb use_custom_gutter=\u00bboff\u00bb background_color=\u00bb#eaeaea\u00bb][et_pb_row admin_label=\u00bbFila\u00bb][et_pb_column type=\u00bb4_4&#8243;][et_pb_cta admin_label=\u00bbLlamada a la acci\u00f3n\u00bb title=\u00bbALGUNO DE NUESTROS TRABAJOS DE DIRECCION DE OBRAS\u00bb url_new_window=\u00bboff\u00bb use_background_color=\u00bbon\u00bb background_color=\u00bb#5e9a00&#8243; background_layout=\u00bbdark\u00bb text_orientation=\u00bbleft\u00bb use_border_color=\u00bboff\u00bb border_color=\u00bb#ffffff\u00bb border_style=\u00bbsolid\u00bb custom_button=\u00bboff\u00bb button_letter_spacing=\u00bb0&#8243; button_use_icon=\u00bbdefault\u00bb button_icon_placement=\u00bbright\u00bb button_on_hover=\u00bbon\u00bb button_letter_spacing_hover=\u00bb0&#8243;] [\/et_pb_cta][\/et_pb_column][\/et_pb_row][\/et_pb_section][et_pb_section admin_label=\u00bbsection\u00bb background_image=\u00bbhttp:\/\/www.arquitectotecnicoestepona.com\/es\/wp-content\/uploads\/2015\/09\/fondo.jpg\u00bb transparent_background=\u00bboff\u00bb allow_player_pause=\u00bboff\u00bb inner_shadow=\u00bboff\u00bb parallax=\u00bboff\u00bb parallax_method=\u00bboff\u00bb padding_mobile=\u00bboff\u00bb make_fullwidth=\u00bboff\u00bb use_custom_width=\u00bboff\u00bb width_unit=\u00bbon\u00bb make_equal=\u00bboff\u00bb use_custom_gutter=\u00bboff\u00bb][et_pb_row admin_label=\u00bbrow\u00bb][et_pb_column type=\u00bb2_3&#8243;][et_pb_text admin_label=\u00bbTexto\u00bb background_layout=\u00bblight\u00bb text_orientation=\u00bbleft\u00bb use_border_color=\u00bboff\u00bb border_color=\u00bb#ffffff\u00bb border_style=\u00bbsolid\u00bb text_font_size=\u00bb16&#8243;]<\/p>\n<ul>\n<li class=\"cuatro\">\n<h4><span style=\"color: #333333;\">Once viviendas adosadas y veintiseis plazas de garajes\u00a0en la calle Alemania n\u00ba 39, La L\u00ednea\u00a0De La Concepci\u00f3n, C\u00e1diz.<\/span><\/h4>\n<\/li>\n<li class=\"cuatro\">\n<h4><span style=\"color: #333333;\">Una vivienda unifamiliar aislada en finca El Cerro, Genalguacil, M\u00e1laga.<\/span><\/h4>\n<\/li>\n<li class=\"cuatro\">\n<h4><span style=\"color: #333333;\">Vivienda unifamiliar aislada en urbanizaci\u00f3n El Saladillo, calle Proa n\u00ba 59, Estepona, M\u00e1laga.<\/span><\/h4>\n<\/li>\n<li class=\"cuatro\">\n<h4><span style=\"color: #333333;\">Cuatro viviendas adosadas de nueva planta en la calle Francisca ortiz de Estepona s\/n, M\u00e1laga.<\/span><\/h4>\n<\/li>\n<li class=\"cuatro\">\n<h4><span style=\"color: #333333;\">Edificio plurifamiliar de tres viviendas de nueva planta\u00a0en la calle Altillo de Jubrique, M\u00e1laga.<\/span><\/h4>\n<\/li>\n<li class=\"cuatro\">\n<h4><span style=\"color: #333333;\">Edifico plurifamiliar de cinco viviendas\u00a0en \u00abLa Redonda\u00bb s\/n, Genalguacil, M\u00e1laga.<\/span><\/h4>\n<\/li>\n<li class=\"cuatro\">\n<h4><span style=\"color: #333333;\">Rehabilitaci\u00f3n de vivienda entre medianeras en plaza de la Constituci\u00f3n n\u00ba 5 de Genalguacil, M\u00e1laga.<\/span><\/h4>\n<\/li>\n<li class=\"cuatro\">\n<h4><span style=\"color: #333333;\">Rehabilitaci\u00f3n de dos viviendas\u00a0en edificio plurifamiliar en Avenida de Estepona s\/n, Genalguacil, M\u00e1laga.<\/span><\/h4>\n<\/li>\n<li class=\"cuatro\">\n<h4><span style=\"color: #333333;\">Vivienda unifamiliar aislada de nueva planta en finca \u00abLa Tagarrina\u00bb, Genalguacil, M\u00e1laga.<\/span><\/h4>\n<\/li>\n<li class=\"cuatro\">\n<h4><span style=\"color: #333333;\">Nave-almac\u00e9n en la calle Edison n\u00ba 24, Estepona, M\u00e1laga.<\/span><\/h4>\n<\/li>\n<li class=\"cuatro\">\n<h4><span style=\"color: #333333;\">Rehabilitaci\u00f3n de vivienda entre medianeras en calle Altillo n\u00ba 24, Jubrique, M\u00e1laga.<\/span><\/h4>\n<\/li>\n<li class=\"cuatro\">\n<h4><span style=\"color: #333333;\">Rehabilitaci\u00f3n de vivienda en calle Pradete n\u00ba 27, Jubrique, M\u00e1laga.<\/span><\/h4>\n<\/li>\n<li class=\"cuatro\">\n<h4><span style=\"color: #333333;\">Dos almacenes en la calle Algatoc\u00edn n\u00ba 4, Jubrique, M\u00e1laga.<\/span><\/h4>\n<\/li>\n<li class=\"cuatro\">\n<h4><span style=\"color: #333333;\">Rehabilitaci\u00f3n de vivienda en la calle Real n\u00ba 50, Genalguacil, M\u00e1laga.<\/span><\/h4>\n<\/li>\n<li class=\"cuatro\">\n<h4><span style=\"color: #333333;\">Rehabilitaci\u00f3n de vivienda en finca cuesta Las Vi\u00f1as, Genalguacil, M\u00e1laga.<\/span><\/h4>\n<\/li>\n<li class=\"cuatro\">\n<h4><span style=\"color: #333333;\">Reforma-ampliaci\u00f3n de\u00a0vivienda en la calle \u00c1vila n\u00ba 55, Sotogrande, San Roque, C\u00e1diz.<\/span><\/h4>\n<\/li>\n<\/ul>\n<p>[\/et_pb_text][\/et_pb_column][et_pb_column type=\u00bb1_3&#8243;][et_pb_image admin_label=\u00bbImagen\u00bb src=\u00bbhttp:\/\/www.arquitectotecnicoestepona.com\/es\/wp-content\/uploads\/2015\/10\/direccion.jpg\u00bb show_in_lightbox=\u00bboff\u00bb url_new_window=\u00bboff\u00bb animation=\u00bbleft\u00bb sticky=\u00bboff\u00bb align=\u00bbleft\u00bb force_fullwidth=\u00bboff\u00bb always_center_on_mobile=\u00bbon\u00bb use_border_color=\u00bboff\u00bb border_color=\u00bb#ffffff\u00bb border_style=\u00bbsolid\u00bb] [\/et_pb_image][et_pb_image admin_label=\u00bbImagen\u00bb src=\u00bbhttp:\/\/www.arquitectotecnicoestepona.com\/es\/wp-content\/uploads\/2015\/10\/casco.jpg\u00bb show_in_lightbox=\u00bboff\u00bb url_new_window=\u00bboff\u00bb animation=\u00bbleft\u00bb sticky=\u00bboff\u00bb align=\u00bbleft\u00bb force_fullwidth=\u00bboff\u00bb always_center_on_mobile=\u00bbon\u00bb use_border_color=\u00bboff\u00bb border_color=\u00bb#ffffff\u00bb border_style=\u00bbsolid\u00bb] [\/et_pb_image][\/et_pb_column][\/et_pb_row][\/et_pb_section]<\/p>\n","protected":false},"excerpt":{"rendered":"<p>Once viviendas adosadas y veintiseis plazas de garajes\u00a0en la calle Alemania n\u00ba 39, La L\u00ednea\u00a0De La Concepci\u00f3n, C\u00e1diz. Una vivienda unifamiliar aislada en finca El Cerro, Genalguacil, M\u00e1laga. Vivienda unifamiliar aislada en urbanizaci\u00f3n El Saladillo, calle Proa n\u00ba 59, Estepona, M\u00e1laga. Cuatro viviendas adosadas de nueva planta en la calle Francisca ortiz de Estepona s\/n, [&hellip;]<\/p>\n","protected":false},"author":1,"featured_media":0,"parent":0,"menu_order":0,"comment_status":"closed","ping_status":"closed","template":"","meta":{"_et_pb_use_builder":"on","_et_pb_old_content":"","_et_gb_content_width":""},"_links":{"self":[{"href":"https:\/\/www.arquitectotecnicoestepona.com\/es\/wp-json\/wp\/v2\/pages\/89"}],"collection":[{"href":"https:\/\/www.arquitectotecnicoestepona.com\/es\/wp-json\/wp\/v2\/pages"}],"about":[{"href":"https:\/\/www.arquitectotecnicoestepona.com\/es\/wp-json\/wp\/v2\/types\/page"}],"author":[{"embeddable":true,"href":"https:\/\/www.arquitectotecnicoestepona.com\/es\/wp-json\/wp\/v2\/users\/1"}],"replies":[{"embeddable":true,"href":"https:\/\/www.arquitectotecnicoestepona.com\/es\/wp-json\/wp\/v2\/comments?post=89"}],"version-history":[{"count":13,"href":"https:\/\/www.arquitectotecnicoestepona.com\/es\/wp-json\/wp\/v2\/pages\/89\/revisions"}],"predecessor-version":[{"id":133,"href":"https:\/\/www.arquitectotecnicoestepona.com\/es\/wp-json\/wp\/v2\/pages\/89\/revisions\/133"}],"wp:attachment":[{"href":"https:\/\/www.arquitectotecnicoestepona.com\/es\/wp-json\/wp\/v2\/media?parent=89"}],"curies":[{"name":"wp","href":"https:\/\/api.w.org\/{rel}","templated":true}]}}